{"id":1771,"date":"2024-01-22T13:41:24","date_gmt":"2024-01-22T13:41:24","guid":{"rendered":"http:\/\/main-poolbau.de\/?page_id=1771"},"modified":"2024-02-20T16:30:56","modified_gmt":"2024-02-20T16:30:56","slug":"stahlwandpools","status":"publish","type":"page","link":"https:\/\/main-poolbau.de\/index.php\/stahlwandpools\/","title":{"rendered":"Stahlwandpools"},"content":{"rendered":"\t\t<div data-elementor-type=\"wp-page\" data-elementor-id=\"1771\" class=\"elementor elementor-1771\" data-elementor-post-type=\"page\">\n\t\t\t\t\t\t<section class=\"elementor-section elementor-top-section elementor-element elementor-element-f95c587 elementor-section-boxed elementor-section-height-default elementor-section-height-default\" data-id=\"f95c587\" data-element_type=\"section\" data-e-type=\"section\">\n\t\t\t\t\t\t<div class=\"elementor-container elementor-column-gap-default\">\n\t\t\t\t\t<div class=\"elementor-column elementor-col-100 elementor-top-column elementor-element elementor-element-e836cc2\" data-id=\"e836cc2\" data-element_type=\"column\" data-e-type=\"column\">\n\t\t\t<div class=\"elementor-widget-wrap elementor-element-populated\">\n\t\t\t\t\t\t<div class=\"elementor-element elementor-element-170061a elementor-widget elementor-widget-heading\" data-id=\"170061a\" data-element_type=\"widget\" data-e-type=\"widget\" data-widget_type=\"heading.default\">\n\t\t\t\t<div class=\"elementor-widget-container\">\n\t\t\t\t\t<h1 class=\"elementor-heading-title elementor-size-default\">Stahlwandpools<\/h1>\t\t\t\t<\/div>\n\t\t\t\t<\/div>\n\t\t\t\t\t<\/div>\n\t\t<\/div>\n\t\t\t\t\t<\/div>\n\t\t<\/section>\n\t\t\t\t<section class=\"elementor-section elementor-top-section elementor-element elementor-element-7b4c67d elementor-section-boxed elementor-section-height-default elementor-section-height-default\" data-id=\"7b4c67d\" data-element_type=\"section\" data-e-type=\"section\">\n\t\t\t\t\t\t<div class=\"elementor-container elementor-column-gap-default\">\n\t\t\t\t\t<div class=\"elementor-column elementor-col-100 elementor-top-column elementor-element elementor-element-b43ec4e\" data-id=\"b43ec4e\" data-element_type=\"column\" data-e-type=\"column\">\n\t\t\t<div class=\"elementor-widget-wrap\">\n\t\t\t\t\t\t\t<\/div>\n\t\t<\/div>\n\t\t\t\t\t<\/div>\n\t\t<\/section>\n\t\t\t\t<section class=\"elementor-section elementor-top-section elementor-element elementor-element-020c448 elementor-section-full_width elementor-section-height-default elementor-section-height-default\" data-id=\"020c448\" data-element_type=\"section\" data-e-type=\"section\" data-settings=\"{&quot;background_background&quot;:&quot;classic&quot;}\">\n\t\t\t\t\t\t<div class=\"elementor-container elementor-column-gap-wider\">\n\t\t\t\t\t<div class=\"elementor-column elementor-col-100 elementor-top-column elementor-element elementor-element-644b2b1\" data-id=\"644b2b1\" data-element_type=\"column\" data-e-type=\"column\">\n\t\t\t<div class=\"elementor-widget-wrap elementor-element-populated\">\n\t\t\t\t\t\t<section class=\"elementor-section elementor-inner-section elementor-element elementor-element-1b55c6f elementor-section-full_width elementor-section-height-default elementor-section-height-default\" data-id=\"1b55c6f\" data-element_type=\"section\" data-e-type=\"section\">\n\t\t\t\t\t\t<div class=\"elementor-container elementor-column-gap-wider\">\n\t\t\t\t\t<div class=\"elementor-column elementor-col-50 elementor-inner-column elementor-element elementor-element-8b6221e\" data-id=\"8b6221e\" data-element_type=\"column\" data-e-type=\"column\">\n\t\t\t<div class=\"elementor-widget-wrap elementor-element-populated\">\n\t\t\t\t\t\t<div class=\"elementor-element elementor-element-8ea4c83 elementor-widget elementor-widget-image\" data-id=\"8ea4c83\" data-element_type=\"widget\" data-e-type=\"widget\" data-widget_type=\"image.default\">\n\t\t\t\t<div class=\"elementor-widget-container\">\n\t\t\t\t\t\t\t\t\t\t\t\t\t\t\t<img fetchpriority=\"high\" decoding=\"async\" width=\"1024\" height=\"576\" src=\"https:\/\/main-poolbau.de\/wp-content\/uploads\/2024\/01\/stahlwandpool1-1024x576.jpg\" class=\"attachment-large size-large wp-image-1774\" alt=\"stahlwandpool1\" srcset=\"https:\/\/main-poolbau.de\/wp-content\/uploads\/2024\/01\/stahlwandpool1-1024x576.jpg 1024w, https:\/\/main-poolbau.de\/wp-content\/uploads\/2024\/01\/stahlwandpool1-300x169.jpg 300w, https:\/\/main-poolbau.de\/wp-content\/uploads\/2024\/01\/stahlwandpool1-768x432.jpg 768w, https:\/\/main-poolbau.de\/wp-content\/uploads\/2024\/01\/stahlwandpool1-1536x864.jpg 1536w, https:\/\/main-poolbau.de\/wp-content\/uploads\/2024\/01\/stahlwandpool1.jpg 1600w\" sizes=\"(max-width: 1024px) 100vw, 1024px\" \/>\t\t\t\t\t\t\t\t\t\t\t\t\t\t\t<\/div>\n\t\t\t\t<\/div>\n\t\t\t\t\t<\/div>\n\t\t<\/div>\n\t\t\t\t<div class=\"elementor-column elementor-col-50 elementor-inner-column elementor-element elementor-element-e317a3c\" data-id=\"e317a3c\" data-element_type=\"column\" data-e-type=\"column\">\n\t\t\t<div class=\"elementor-widget-wrap elementor-element-populated\">\n\t\t\t\t\t\t<div class=\"elementor-element elementor-element-a9ec872 elementor-widget elementor-widget-heading\" data-id=\"a9ec872\" data-element_type=\"widget\" data-e-type=\"widget\" data-widget_type=\"heading.default\">\n\t\t\t\t<div class=\"elementor-widget-container\">\n\t\t\t\t\t<h2 class=\"elementor-heading-title elementor-size-default\">Stahlwandpools - die runden oder ovalen Eyecatcher<\/h2>\t\t\t\t<\/div>\n\t\t\t\t<\/div>\n\t\t\t\t<div class=\"elementor-element elementor-element-857e6ac elementor-widget elementor-widget-text-editor\" data-id=\"857e6ac\" data-element_type=\"widget\" data-e-type=\"widget\" data-widget_type=\"text-editor.default\">\n\t\t\t\t<div class=\"elementor-widget-container\">\n\t\t\t\t\t\t\t\t\t<p><span style=\"font-weight: 400;\">Stahlwandpools sind f\u00fcr angehende Poolbesitzer eine beliebte Option. Die runde bzw. ovale Form des Schwimmbeckens f\u00fcgt sich in nahezu jede Gartenlandschaft elegant ein. Bei den meisten Ma\u00dfen k\u00f6nnen sowohl ovale, wie auch runde Becken teilweise oder vollst\u00e4ndig in die Erde eingelassen, aber auch vollkommen freigestellt aufgestellt werden.&nbsp;<\/span><\/p>\n<p><span style=\"font-weight: 400;\">Die verbauten Stahlw\u00e4nde sind feuerverzinkt, an der Au\u00dfenseite kunststoffbeschichtet und an der Innenseite schutzlackiert. Zudem werden sie mit Vorstanzungen f\u00fcr Skimmer mit einer Saugbreite von 145 mm und einer Einlaufd\u00fcse von 2 Zoll bzw. 5,96 cm geliefert. Die Standardprofilschienen, unten wie oben, bestehen aus UV-stabilisiertem Hart-PVC. Die Poolfolie ist au\u00dferdem UV-stabilisiert und zus\u00e4tzlich vorbehandelt, sodass einem Pilzbefall vorgebeugt wird. <\/span><\/p>\n<p><span style=\"font-weight: 400;\">&nbsp;<\/span><\/p>\n<p><span style=\"font-weight: 400;\">&nbsp;Auch bei Stahlwandpools haben Sie die M\u00f6glichkeit, eine gewebeverst\u00e4rkte Folie in das Becken schwei\u00dfen zu lassen. Standardm\u00e4\u00dfig bieten wir die Innenh\u00fclle in wei\u00df oder blau an, k\u00f6nnen allerdings auf unser gesamtes Renolit-Portfolio zur\u00fcckgreifen und Ihnen Ihre Wunsch-Poolfolie im Becken platzieren<\/span><\/p>\t\t\t\t\t\t\t\t<\/div>\n\t\t\t\t<\/div>\n\t\t\t\t\t<\/div>\n\t\t<\/div>\n\t\t\t\t\t<\/div>\n\t\t<\/section>\n\t\t\t\t\t<\/div>\n\t\t<\/div>\n\t\t\t\t\t<\/div>\n\t\t<\/section>\n\t\t\t\t<section class=\"elementor-section elementor-top-section elementor-element elementor-element-e16c6ee elementor-section-full_width elementor-section-height-default elementor-section-height-default\" data-id=\"e16c6ee\" data-element_type=\"section\" data-e-type=\"section\" data-settings=\"{&quot;background_background&quot;:&quot;classic&quot;}\">\n\t\t\t\t\t\t<div class=\"elementor-container elementor-column-gap-wider\">\n\t\t\t\t\t<div class=\"elementor-column elementor-col-100 elementor-top-column elementor-element elementor-element-702a29e\" data-id=\"702a29e\" data-element_type=\"column\" data-e-type=\"column\">\n\t\t\t<div class=\"elementor-widget-wrap elementor-element-populated\">\n\t\t\t\t\t\t<section class=\"elementor-section elementor-inner-section elementor-element elementor-element-62207de elementor-section-content-middle elementor-section-boxed elementor-section-height-default elementor-section-height-default\" data-id=\"62207de\" data-element_type=\"section\" data-e-type=\"section\">\n\t\t\t\t\t\t<div class=\"elementor-container elementor-column-gap-default\">\n\t\t\t\t\t<div class=\"elementor-column elementor-col-50 elementor-inner-column elementor-element elementor-element-ae76817\" data-id=\"ae76817\" data-element_type=\"column\" data-e-type=\"column\">\n\t\t\t<div class=\"elementor-widget-wrap elementor-element-populated\">\n\t\t\t\t\t\t<div class=\"elementor-element elementor-element-515dc33 elementor-widget elementor-widget-heading\" data-id=\"515dc33\" data-element_type=\"widget\" data-e-type=\"widget\" data-widget_type=\"heading.default\">\n\t\t\t\t<div class=\"elementor-widget-container\">\n\t\t\t\t\t<h3 class=\"elementor-heading-title elementor-size-default\">Interesse an einem Stahlwandpool?<\/h3>\t\t\t\t<\/div>\n\t\t\t\t<\/div>\n\t\t\t\t<div class=\"elementor-element elementor-element-af7c70a elementor-widget elementor-widget-text-editor\" data-id=\"af7c70a\" data-element_type=\"widget\" data-e-type=\"widget\" data-widget_type=\"text-editor.default\">\n\t\t\t\t<div class=\"elementor-widget-container\">\n\t\t\t\t\t\t\t\t\t<p>Dann w\u00e4hlen Sie aus den verschiedenen Optionen aus:\u00a0<\/p><ul><li>Welche Ma\u00dfe soll ihr Stahlwandpool haben?<\/li><li>M\u00f6chten Sie ihr Becken frei aufstellen oder teilweise bzw. vollst\u00e4ndig im Erdreich versenken?<\/li><li>Soll Ihr Stahlwandpool rund oder ovalf\u00e4rmig sein?\u00a0<\/li><li>W\u00fcnschen Sie eine blau oder sandfarbene Poolfolie?<\/li><li>M\u00f6chten Sie einen &#8220;Easy Change Handlauf&#8221; zum einfachen Tauschen der Poolfolie oder entscheiden Sie sich f\u00fcr einen &#8220;Basic Handlauf&#8221;?<\/li><\/ul>\t\t\t\t\t\t\t\t<\/div>\n\t\t\t\t<\/div>\n\t\t\t\t\t<\/div>\n\t\t<\/div>\n\t\t\t\t<div class=\"elementor-column elementor-col-50 elementor-inner-column elementor-element elementor-element-f77abe1\" data-id=\"f77abe1\" data-element_type=\"column\" data-e-type=\"column\">\n\t\t\t<div class=\"elementor-widget-wrap elementor-element-populated\">\n\t\t\t\t\t\t<div class=\"elementor-element elementor-element-81db69b elementor-widget elementor-widget-image\" data-id=\"81db69b\" data-element_type=\"widget\" data-e-type=\"widget\" data-widget_type=\"image.default\">\n\t\t\t\t<div class=\"elementor-widget-container\">\n\t\t\t\t\t\t\t\t\t\t\t\t\t\t\t<img decoding=\"async\" width=\"1024\" height=\"576\" src=\"https:\/\/main-poolbau.de\/wp-content\/uploads\/2024\/01\/stahlwandpool2-1024x576.jpg\" class=\"attachment-large size-large wp-image-1775\" alt=\"stahlwandpool2\" srcset=\"https:\/\/main-poolbau.de\/wp-content\/uploads\/2024\/01\/stahlwandpool2-1024x576.jpg 1024w, https:\/\/main-poolbau.de\/wp-content\/uploads\/2024\/01\/stahlwandpool2-300x169.jpg 300w, https:\/\/main-poolbau.de\/wp-content\/uploads\/2024\/01\/stahlwandpool2-768x432.jpg 768w, https:\/\/main-poolbau.de\/wp-content\/uploads\/2024\/01\/stahlwandpool2-1536x864.jpg 1536w, https:\/\/main-poolbau.de\/wp-content\/uploads\/2024\/01\/stahlwandpool2.jpg 1600w\" sizes=\"(max-width: 1024px) 100vw, 1024px\" \/>\t\t\t\t\t\t\t\t\t\t\t\t\t\t\t<\/div>\n\t\t\t\t<\/div>\n\t\t\t\t\t<\/div>\n\t\t<\/div>\n\t\t\t\t\t<\/div>\n\t\t<\/section>\n\t\t\t\t\t<\/div>\n\t\t<\/div>\n\t\t\t\t\t<\/div>\n\t\t<\/section>\n\t\t\t\t<\/div>\n\t\t","protected":false},"excerpt":{"rendered":"<p>Stahlwandpools Stahlwandpools &#8211; die runden oder ovalen Eyecatcher Stahlwandpools sind f\u00fcr angehende Poolbesitzer eine beliebte Option. Die runde bzw. ovale Form des Schwimmbeckens f\u00fcgt sich in nahezu jede Gartenlandschaft elegant ein. Bei den meisten Ma\u00dfen k\u00f6nnen sowohl ovale, wie auch runde Becken teilweise oder vollst\u00e4ndig in die Erde eingelassen, aber auch vollkommen freigestellt aufgestellt werden.&nbsp; [&hellip;]<\/p>\n","protected":false},"author":1,"featured_media":0,"parent":0,"menu_order":0,"comment_status":"closed","ping_status":"closed","template":"","meta":{"site-sidebar-layout":"no-sidebar","site-content-layout":"page-builder","ast-site-content-layout":"full-width-container","site-content-style":"default","site-sidebar-style":"default","ast-global-header-display":"","ast-banner-title-visibility":"","ast-main-header-display":"","ast-hfb-above-header-display":"","ast-hfb-below-header-display":"","ast-hfb-mobile-header-display":"","site-post-title":"disabled","ast-breadcrumbs-content":"","ast-featured-img":"disabled","footer-sml-layout":"","ast-disable-related-posts":"","theme-transparent-header-meta":"","adv-header-id-meta":"","stick-header-meta":"","header-above-stick-meta":"","header-main-stick-meta":"","header-below-stick-meta":"","astra-migrate-meta-layouts":"set","ast-page-background-enabled":"default","ast-page-background-meta":{"desktop":{"background-color":"var(--ast-global-color-4)","background-image":"","background-repeat":"repeat","background-position":"center center","background-size":"auto","background-attachment":"scroll","background-type":"","background-media":"","overlay-type":"","overlay-color":"","overlay-opacity":"","overlay-gradient":""},"tablet":{"background-color":"","background-image":"","background-repeat":"repeat","background-position":"center center","background-size":"auto","background-attachment":"scroll","background-type":"","background-media":"","overlay-type":"","overlay-color":"","overlay-opacity":"","overlay-gradient":""},"mobile":{"background-color":"","background-image":"","background-repeat":"repeat","background-position":"center center","background-size":"auto","background-attachment":"scroll","background-type":"","background-media":"","overlay-type":"","overlay-color":"","overlay-opacity":"","overlay-gradient":""}},"ast-content-background-meta":{"desktop":{"background-color":"var(--ast-global-color-5)","background-image":"","background-repeat":"repeat","background-position":"center center","background-size":"auto","background-attachment":"scroll","background-type":"","background-media":"","overlay-type":"","overlay-color":"","overlay-opacity":"","overlay-gradient":""},"tablet":{"background-color":"var(--ast-global-color-5)","background-image":"","background-repeat":"repeat","background-position":"center center","background-size":"auto","background-attachment":"scroll","background-type":"","background-media":"","overlay-type":"","overlay-color":"","overlay-opacity":"","overlay-gradient":""},"mobile":{"background-color":"var(--ast-global-color-5)","background-image":"","background-repeat":"repeat","background-position":"center center","background-size":"auto","background-attachment":"scroll","background-type":"","background-media":"","overlay-type":"","overlay-color":"","overlay-opacity":"","overlay-gradient":""}},"footnotes":""},"class_list":["post-1771","page","type-page","status-publish","hentry"],"yoast_head":"<!-- This site is optimized with the Yoast SEO plugin v26.8 - https:\/\/yoast.com\/product\/yoast-seo-wordpress\/ -->\n<title>Stahlwandpools - Main Poolbau GmbH &amp; Co. KG<\/title>\n<meta name=\"description\" content=\"Stahlwandpools f\u00fcgen sich mit der runden oder ovalen Form des Pools ideal in nahezu jedes Gesamtbild des heimischen Gartens ein!\" \/>\n<meta name=\"robots\" content=\"index, follow, max-snippet:-1, max-image-preview:large, max-video-preview:-1\" \/>\n<link rel=\"canonical\" href=\"https:\/\/main-poolbau.de\/index.php\/stahlwandpools\/\" \/>\n<meta property=\"og:locale\" content=\"de_DE\" \/>\n<meta property=\"og:type\" content=\"article\" \/>\n<meta property=\"og:title\" content=\"Stahlwandpools - Main Poolbau GmbH &amp; Co. KG\" \/>\n<meta property=\"og:description\" content=\"Stahlwandpools f\u00fcgen sich mit der runden oder ovalen Form des Pools ideal in nahezu jedes Gesamtbild des heimischen Gartens ein!\" \/>\n<meta property=\"og:url\" content=\"https:\/\/main-poolbau.de\/index.php\/stahlwandpools\/\" \/>\n<meta property=\"og:site_name\" content=\"Main Poolbau GmbH &amp; Co. KG\" \/>\n<meta property=\"article:modified_time\" content=\"2024-02-20T16:30:56+00:00\" \/>\n<meta property=\"og:image\" content=\"http:\/\/main-poolbau.de\/wp-content\/uploads\/2024\/01\/stahlwandpool1-1024x576.jpg\" \/>\n<meta name=\"twitter:card\" content=\"summary_large_image\" \/>\n<meta name=\"twitter:label1\" content=\"Gesch\u00e4tzte Lesezeit\" \/>\n\t<meta name=\"twitter:data1\" content=\"2\u00a0Minuten\" \/>\n<script type=\"application\/ld+json\" class=\"yoast-schema-graph\">{\"@context\":\"https:\/\/schema.org\",\"@graph\":[{\"@type\":\"WebPage\",\"@id\":\"https:\/\/main-poolbau.de\/index.php\/stahlwandpools\/\",\"url\":\"https:\/\/main-poolbau.de\/index.php\/stahlwandpools\/\",\"name\":\"Stahlwandpools - Main Poolbau GmbH &amp; Co. KG\",\"isPartOf\":{\"@id\":\"https:\/\/main-poolbau.de\/#website\"},\"primaryImageOfPage\":{\"@id\":\"https:\/\/main-poolbau.de\/index.php\/stahlwandpools\/#primaryimage\"},\"image\":{\"@id\":\"https:\/\/main-poolbau.de\/index.php\/stahlwandpools\/#primaryimage\"},\"thumbnailUrl\":\"http:\/\/main-poolbau.de\/wp-content\/uploads\/2024\/01\/stahlwandpool1-1024x576.jpg\",\"datePublished\":\"2024-01-22T13:41:24+00:00\",\"dateModified\":\"2024-02-20T16:30:56+00:00\",\"description\":\"Stahlwandpools f\u00fcgen sich mit der runden oder ovalen Form des Pools ideal in nahezu jedes Gesamtbild des heimischen Gartens ein!\",\"breadcrumb\":{\"@id\":\"https:\/\/main-poolbau.de\/index.php\/stahlwandpools\/#breadcrumb\"},\"inLanguage\":\"de\",\"potentialAction\":[{\"@type\":\"ReadAction\",\"target\":[\"https:\/\/main-poolbau.de\/index.php\/stahlwandpools\/\"]}]},{\"@type\":\"ImageObject\",\"inLanguage\":\"de\",\"@id\":\"https:\/\/main-poolbau.de\/index.php\/stahlwandpools\/#primaryimage\",\"url\":\"https:\/\/main-poolbau.de\/wp-content\/uploads\/2024\/01\/stahlwandpool1.jpg\",\"contentUrl\":\"https:\/\/main-poolbau.de\/wp-content\/uploads\/2024\/01\/stahlwandpool1.jpg\",\"width\":1600,\"height\":900,\"caption\":\"stahlwandpool1\"},{\"@type\":\"BreadcrumbList\",\"@id\":\"https:\/\/main-poolbau.de\/index.php\/stahlwandpools\/#breadcrumb\",\"itemListElement\":[{\"@type\":\"ListItem\",\"position\":1,\"name\":\"Startseite\",\"item\":\"https:\/\/main-poolbau.de\/\"},{\"@type\":\"ListItem\",\"position\":2,\"name\":\"Stahlwandpools\"}]},{\"@type\":\"WebSite\",\"@id\":\"https:\/\/main-poolbau.de\/#website\",\"url\":\"https:\/\/main-poolbau.de\/\",\"name\":\"Main Poolbau GmbH &amp; Co. KG\",\"description\":\"Wir erschaffen Pooltr\u00e4ume\",\"publisher\":{\"@id\":\"https:\/\/main-poolbau.de\/#organization\"},\"potentialAction\":[{\"@type\":\"SearchAction\",\"target\":{\"@type\":\"EntryPoint\",\"urlTemplate\":\"https:\/\/main-poolbau.de\/?s={search_term_string}\"},\"query-input\":{\"@type\":\"PropertyValueSpecification\",\"valueRequired\":true,\"valueName\":\"search_term_string\"}}],\"inLanguage\":\"de\"},{\"@type\":\"Organization\",\"@id\":\"https:\/\/main-poolbau.de\/#organization\",\"name\":\"Main Poolbau GmbH &amp; Co. KG\",\"url\":\"https:\/\/main-poolbau.de\/\",\"logo\":{\"@type\":\"ImageObject\",\"inLanguage\":\"de\",\"@id\":\"https:\/\/main-poolbau.de\/#\/schema\/logo\/image\/\",\"url\":\"https:\/\/main-poolbau.de\/wp-content\/uploads\/2022\/07\/cropped-cropped-logo_weiss.png\",\"contentUrl\":\"https:\/\/main-poolbau.de\/wp-content\/uploads\/2022\/07\/cropped-cropped-logo_weiss.png\",\"width\":900,\"height\":300,\"caption\":\"Main Poolbau GmbH &amp; Co. KG\"},\"image\":{\"@id\":\"https:\/\/main-poolbau.de\/#\/schema\/logo\/image\/\"}}]}<\/script>\n<!-- \/ Yoast SEO plugin. -->","yoast_head_json":{"title":"Stahlwandpools - Main Poolbau GmbH &amp; Co. KG","description":"Stahlwandpools f\u00fcgen sich mit der runden oder ovalen Form des Pools ideal in nahezu jedes Gesamtbild des heimischen Gartens ein!","robots":{"index":"index","follow":"follow","max-snippet":"max-snippet:-1","max-image-preview":"max-image-preview:large","max-video-preview":"max-video-preview:-1"},"canonical":"https:\/\/main-poolbau.de\/index.php\/stahlwandpools\/","og_locale":"de_DE","og_type":"article","og_title":"Stahlwandpools - Main Poolbau GmbH &amp; Co. KG","og_description":"Stahlwandpools f\u00fcgen sich mit der runden oder ovalen Form des Pools ideal in nahezu jedes Gesamtbild des heimischen Gartens ein!","og_url":"https:\/\/main-poolbau.de\/index.php\/stahlwandpools\/","og_site_name":"Main Poolbau GmbH &amp; Co. KG","article_modified_time":"2024-02-20T16:30:56+00:00","og_image":[{"url":"http:\/\/main-poolbau.de\/wp-content\/uploads\/2024\/01\/stahlwandpool1-1024x576.jpg","type":"","width":"","height":""}],"twitter_card":"summary_large_image","twitter_misc":{"Gesch\u00e4tzte Lesezeit":"2\u00a0Minuten"},"schema":{"@context":"https:\/\/schema.org","@graph":[{"@type":"WebPage","@id":"https:\/\/main-poolbau.de\/index.php\/stahlwandpools\/","url":"https:\/\/main-poolbau.de\/index.php\/stahlwandpools\/","name":"Stahlwandpools - Main Poolbau GmbH &amp; Co. KG","isPartOf":{"@id":"https:\/\/main-poolbau.de\/#website"},"primaryImageOfPage":{"@id":"https:\/\/main-poolbau.de\/index.php\/stahlwandpools\/#primaryimage"},"image":{"@id":"https:\/\/main-poolbau.de\/index.php\/stahlwandpools\/#primaryimage"},"thumbnailUrl":"http:\/\/main-poolbau.de\/wp-content\/uploads\/2024\/01\/stahlwandpool1-1024x576.jpg","datePublished":"2024-01-22T13:41:24+00:00","dateModified":"2024-02-20T16:30:56+00:00","description":"Stahlwandpools f\u00fcgen sich mit der runden oder ovalen Form des Pools ideal in nahezu jedes Gesamtbild des heimischen Gartens ein!","breadcrumb":{"@id":"https:\/\/main-poolbau.de\/index.php\/stahlwandpools\/#breadcrumb"},"inLanguage":"de","potentialAction":[{"@type":"ReadAction","target":["https:\/\/main-poolbau.de\/index.php\/stahlwandpools\/"]}]},{"@type":"ImageObject","inLanguage":"de","@id":"https:\/\/main-poolbau.de\/index.php\/stahlwandpools\/#primaryimage","url":"https:\/\/main-poolbau.de\/wp-content\/uploads\/2024\/01\/stahlwandpool1.jpg","contentUrl":"https:\/\/main-poolbau.de\/wp-content\/uploads\/2024\/01\/stahlwandpool1.jpg","width":1600,"height":900,"caption":"stahlwandpool1"},{"@type":"BreadcrumbList","@id":"https:\/\/main-poolbau.de\/index.php\/stahlwandpools\/#breadcrumb","itemListElement":[{"@type":"ListItem","position":1,"name":"Startseite","item":"https:\/\/main-poolbau.de\/"},{"@type":"ListItem","position":2,"name":"Stahlwandpools"}]},{"@type":"WebSite","@id":"https:\/\/main-poolbau.de\/#website","url":"https:\/\/main-poolbau.de\/","name":"Main Poolbau GmbH &amp; Co. KG","description":"Wir erschaffen Pooltr\u00e4ume","publisher":{"@id":"https:\/\/main-poolbau.de\/#organization"},"potentialAction":[{"@type":"SearchAction","target":{"@type":"EntryPoint","urlTemplate":"https:\/\/main-poolbau.de\/?s={search_term_string}"},"query-input":{"@type":"PropertyValueSpecification","valueRequired":true,"valueName":"search_term_string"}}],"inLanguage":"de"},{"@type":"Organization","@id":"https:\/\/main-poolbau.de\/#organization","name":"Main Poolbau GmbH &amp; Co. KG","url":"https:\/\/main-poolbau.de\/","logo":{"@type":"ImageObject","inLanguage":"de","@id":"https:\/\/main-poolbau.de\/#\/schema\/logo\/image\/","url":"https:\/\/main-poolbau.de\/wp-content\/uploads\/2022\/07\/cropped-cropped-logo_weiss.png","contentUrl":"https:\/\/main-poolbau.de\/wp-content\/uploads\/2022\/07\/cropped-cropped-logo_weiss.png","width":900,"height":300,"caption":"Main Poolbau GmbH &amp; Co. KG"},"image":{"@id":"https:\/\/main-poolbau.de\/#\/schema\/logo\/image\/"}}]}},"_links":{"self":[{"href":"https:\/\/main-poolbau.de\/index.php\/wp-json\/wp\/v2\/pages\/1771","targetHints":{"allow":["GET"]}}],"collection":[{"href":"https:\/\/main-poolbau.de\/index.php\/wp-json\/wp\/v2\/pages"}],"about":[{"href":"https:\/\/main-poolbau.de\/index.php\/wp-json\/wp\/v2\/types\/page"}],"author":[{"embeddable":true,"href":"https:\/\/main-poolbau.de\/index.php\/wp-json\/wp\/v2\/users\/1"}],"replies":[{"embeddable":true,"href":"https:\/\/main-poolbau.de\/index.php\/wp-json\/wp\/v2\/comments?post=1771"}],"version-history":[{"count":31,"href":"https:\/\/main-poolbau.de\/index.php\/wp-json\/wp\/v2\/pages\/1771\/revisions"}],"predecessor-version":[{"id":1890,"href":"https:\/\/main-poolbau.de\/index.php\/wp-json\/wp\/v2\/pages\/1771\/revisions\/1890"}],"wp:attachment":[{"href":"https:\/\/main-poolbau.de\/index.php\/wp-json\/wp\/v2\/media?parent=1771"}],"curies":[{"name":"wp","href":"https:\/\/api.w.org\/{rel}","templated":true}]}}